{"id":96,"date":"2018-04-26T19:22:18","date_gmt":"2018-04-26T19:22:18","guid":{"rendered":"http:\/\/www.mb-tech.eu\/?page_id=96"},"modified":"2018-04-26T19:22:18","modified_gmt":"2018-04-26T19:22:18","slug":"programator-vyrobniho-informacniho-systemu","status":"publish","type":"page","link":"https:\/\/www.mb-tech.cz\/index.php\/programator-vyrobniho-informacniho-systemu\/","title":{"rendered":"PROGRAM\u00c1TOR V\u00ddROBN\u00cdHO INFORMA\u010cN\u00cdHO SYST\u00c9MU"},"content":{"rendered":"<section class=\"kc-elm kc-css-225586 kc_row\"><div class=\"kc-row-container  kc-container\"><div class=\"kc-wrap-columns\"><div class=\"kc-elm kc-css-109455 kc_col-sm-12 kc_column kc_col-sm-12\"><div class=\"kc-col-container\"><div class=\"kc-elm kc-css-373966 kc_text_block\"><\/p>\n<h3>Pracovn\u00ed n\u00e1pl\u0148<\/h3>\n<ul>\n<li>v\u00fdvoj v\u00fdrobn\u00edho informa\u010dn\u00edho syst\u00e9mu<\/li>\n<li>v\u00fdvoj aplikac\u00ed pro strojn\u00ed za\u0159\u00edzen\u00ed a technologick\u00e9 procesy<\/li>\n<li>pr\u00e1ce v prost\u0159ed\u00edch C#, .NET, SQL, ASP, Delphi, NI LabVIEW<\/li>\n<li>spolupr\u00e1ce se z\u00e1kazn\u00edkem p\u0159i specifikaci projektu<\/li>\n<li>zpracov\u00e1n\u00ed aplika\u010dn\u00edho SW<\/li>\n<li>uv\u00e1d\u011bn\u00ed v\u00fdrobn\u00edch informa\u010dn\u00edch syst\u00e9m\u016f do provozu<\/li>\n<li>podpora, servis, \u00fadr\u017eba a roz\u0161i\u0159ov\u00e1n\u00ed st\u00e1vaj\u00edc\u00edch projekt\u016f<\/li>\n<\/ul>\n<h3>O\u010dek\u00e1v\u00e1me<\/h3>\n<ul>\n<li>V\u0160\/VO\u0160\/S\u0160 vzd\u011bl\u00e1n\u00ed odpov\u00eddaj\u00edc\u00edho sm\u011bru<\/li>\n<li>analytick\u00e9 a logick\u00e9 my\u0161len\u00ed, schopnost pr\u00e1ce v t\u00fdmu, samostatnost, spolehlivost<\/li>\n<li>ochotu k intenzivn\u00edmu sebevzd\u011bl\u00e1v\u00e1n\u00ed a pracovn\u00ed flexibilitu<\/li>\n<li>znalost anglick\u00e9ho jazyka alespo\u0148 v m\u00edrn\u011b pokro\u010dil\u00e9 \u00farovni (stupe\u0148 A1-A2)<\/li>\n<li>znalost programov\u00e1n\u00ed a IT techniky<\/li>\n<li>znalost programovac\u00edch jazyk\u016f a prost\u0159ed\u00ed C#, C++, ASP.NET, SQL, HTML, JavaScript<\/li>\n<\/ul>\n<h3>V\u00fdhodou je<\/h3>\n<ul>\n<li>V\u0160\/VO\u0160\/S\u0160 vzd\u011bl\u00e1n\u00ed se zam\u011b\u0159en\u00edm IT a programov\u00e1n\u00ed<\/li>\n<li>angli\u010dtina na plynul\u00e9 \u00farovni (stupe\u0148 B1 a v\u00fd\u0161e) a znalost NJ \u010di RJ<\/li>\n<li>zku\u0161enost s programov\u00e1n\u00edm v MS Visual studio<\/li>\n<li>zku\u0161enosti s tvorbou webov\u00fdch aplikac\u00ed a datab\u00e1zov\u00fdch aplikac\u00ed<\/li>\n<li>zku\u0161enosti s pr\u016fmyslovou prax\u00ed, automatiza\u010dn\u00ed technikou a \u0159\u00eddic\u00edmi syst\u00e9my<\/li>\n<li>ochota pr\u00e1ce v zahrani\u010d\u00ed a v mezin\u00e1rodn\u00edch t\u00fdmech<\/li>\n<li>vyhl\u00e1\u0161ka 50\/1978 Sb. \u00a76 a vy\u0161\u0161\u00ed<\/li>\n<\/ul>\n<h3>Nab\u00edz\u00edme<\/h3>\n<ul>\n<li>perspektivn\u00ed pozici<\/li>\n<li>pr\u00e1ci s nejnov\u011bj\u0161\u00edmi technologiemi v p\u0159edn\u00ed firm\u011b zab\u00fdvaj\u00edc\u00ed se pr\u016fmyslovou automatizac\u00ed<\/li>\n<li>odpov\u00eddaj\u00edc\u00ed platov\u00e9 ohodnocen\u00ed a bonusov\u00e9 slo\u017eky<\/li>\n<li>z\u00e1zem\u00ed p\u0159\u00e1telsk\u00e9ho a vysoce odborn\u00e9ho kolektivu<\/li>\n<li>\u0159adu benefit\u016f (pru\u017en\u00e1 pracovn\u00ed doba, stravenky, mobiln\u00ed telefon, notebook, v\u011brnostn\u00ed p\u0159\u00edplatky a roz\u0161\u00ed\u0159en\u00e1 dovolen\u00e1, penzijn\u00ed p\u0159ipoji\u0161t\u011bn\u00ed a dal\u0161\u00ed)<\/li>\n<li>mo\u017enost trval\u00e9ho vzd\u011bl\u00e1v\u00e1n\u00ed a osobn\u00edho r\u016fstu<\/li>\n<li>m\u00edsto v\u00fdkonu pr\u00e1ce: Brno, Pardubick\u00fd kraj, Praha<\/li>\n<\/ul>\n<p>Pokud V\u00e1s na\u0161e nab\u00eddka zaujala, za\u0161lete n\u00e1m pros\u00edm V\u00e1\u0161 profesn\u00ed \u017eivotopis v \u010desk\u00e9m jazyce na adresu<\/p>\n<p><span style=\"color: #000120;\">info@mb-tech.eu<\/span><\/p>\n<p>\n<\/div><\/div><\/div><\/div><\/div><\/section>\n","protected":false},"excerpt":{"rendered":"","protected":false},"author":1,"featured_media":0,"parent":0,"menu_order":0,"comment_status":"closed","ping_status":"closed","template":"","meta":{"inline_featured_image":false,"footnotes":""},"class_list":["post-96","page","type-page","status-publish","hentry"],"wps_subtitle":"","_links":{"self":[{"href":"https:\/\/www.mb-tech.cz\/index.php\/wp-json\/wp\/v2\/pages\/96","targetHints":{"allow":["GET"]}}],"collection":[{"href":"https:\/\/www.mb-tech.cz\/index.php\/wp-json\/wp\/v2\/pages"}],"about":[{"href":"https:\/\/www.mb-tech.cz\/index.php\/wp-json\/wp\/v2\/types\/page"}],"author":[{"embeddable":true,"href":"https:\/\/www.mb-tech.cz\/index.php\/wp-json\/wp\/v2\/users\/1"}],"replies":[{"embeddable":true,"href":"https:\/\/www.mb-tech.cz\/index.php\/wp-json\/wp\/v2\/comments?post=96"}],"version-history":[{"count":1,"href":"https:\/\/www.mb-tech.cz\/index.php\/wp-json\/wp\/v2\/pages\/96\/revisions"}],"predecessor-version":[{"id":97,"href":"https:\/\/www.mb-tech.cz\/index.php\/wp-json\/wp\/v2\/pages\/96\/revisions\/97"}],"wp:attachment":[{"href":"https:\/\/www.mb-tech.cz\/index.php\/wp-json\/wp\/v2\/media?parent=96"}],"curies":[{"name":"wp","href":"https:\/\/api.w.org\/{rel}","templated":true}]}}