{"id":8,"date":"2018-04-14T14:27:15","date_gmt":"2018-04-14T14:27:15","guid":{"rendered":"http:\/\/www.mb-tech.eu\/?page_id=8"},"modified":"2019-07-11T20:11:35","modified_gmt":"2019-07-11T19:11:35","slug":"o-nas","status":"publish","type":"page","link":"https:\/\/www.mb-tech.cz\/index.php\/o-nas\/","title":{"rendered":"O N\u00c1S"},"content":{"rendered":"<p><section class=\"kc-elm kc-css-656509 kc_row\"><div class=\"kc-row-container  kc-container\"><div class=\"kc-wrap-columns\"><div class=\"kc-elm kc-css-420838 kc_col-sm-12 kc_column kc_col-sm-12\"><div class=\"kc-col-container\"><\/div><\/div><\/div><\/div><\/section><section class=\"kc-elm kc-css-8508 kc_row\"><div class=\"kc-row-container  kc-container\"><div class=\"kc-wrap-columns\"><div class=\"kc-elm kc-css-544167 kc_col-sm-6 kc_column kc_col-sm-6\"><div class=\"kc-col-container\"><div class=\"kc-elm kc-css-871301 kc_text_block\"><\/p>\n<h2>HISTORIE VZNIKU<\/h2>\n<p style=\"text-align: justify;\">Jak zefektivnit v\u00fdrobu? Jak odstranit ztr\u00e1ty? Jak zlep\u0161it p\u0159ehled zam\u011bstnanc\u016f o fungov\u00e1n\u00ed proces\u016f? Jak\u00e9 jsou dnes technick\u00e9 mo\u017enosti \u0159\u00edzen\u00ed v\u00fdroby? M\u00e1 takov\u00e1 investice n\u00e1vratnost? Pr\u00e1v\u011b tyto ot\u00e1zky vedly v r. 2015 k zalo\u017een\u00ed firmy MB-TECH. Nen\u00ed um\u011bn\u00ed nat\u00e1hnout kabely a napsat program, jak si z\u00e1kazn\u00edk \u0159ekl. Mnohem t\u011b\u017e\u0161\u00ed je zajistit, aby byl z\u00e1kazn\u00edk opravdu spokojen.<\/p>\n<p style=\"text-align: justify;\">Pracujeme tak, abychom vytvo\u0159ili funk\u010dn\u00ed \u0159e\u0161en\u00ed, kter\u00e9 se stane pro z\u00e1kazn\u00edka standardem a p\u0159ed\u010d\u00ed po\u010d\u00e1te\u010dn\u00ed o\u010dek\u00e1v\u00e1n\u00ed.<\/p>\n<p style=\"text-align: justify;\">Od na\u0161eho vzniku se st\u00e1le rozv\u00edj\u00edme. \u010cerp\u00e1me z mnohalet\u00fdch zku\u0161enosti v oblasti automotive a energetiky.<\/p>\n<p>\n<\/div><\/div><\/div><div class=\"kc-elm kc-css-509338 kc_col-sm-6 kc_column kc_col-sm-6\"><div class=\"kc-col-container\"><div class=\"kc-elm kc-css-120138\" style=\"height: 59px; clear: both; width:100%;\"><\/div><div class=\"kc-elm kc-css-506735 kc_shortcode kc_single_image\">\n\n        <img decoding=\"async\" src=\"https:\/\/www.mb-tech.cz\/wp-content\/uploads\/2018\/04\/WhyFutureFinanceAutomation-1-368x370xc.jpg\" class=\"\" alt=\"\" \/>    <\/div>\n<\/div><\/div><\/div><\/div><\/section><section class=\"kc-elm kc-css-30441 kc_row\"><div class=\"kc-row-container  kc-container\"><div class=\"kc-wrap-columns\"><div class=\"kc-elm kc-css-793262 kc_col-sm-12 kc_column kc_col-sm-12\"><div class=\"kc-col-container\"><div class=\"kc-elm kc-css-140081\" style=\"height: 20px; clear: both; width:100%;\"><\/div><div class=\"kc-elm kc-css-169081 kc_text_block\"><\/p>\n<h2 style=\"text-align: justify;\">NA\u0160E HODNOTY<\/h2>\n<p style=\"text-align: justify;\"><b>D\u016eV\u011aRA A SPOLEHLIVOST <\/b>Dodr\u017eujeme na\u0161e sliby. Dodr\u017eov\u00e1n\u00ed slib\u016f dan\u00fdm na\u0161im z\u00e1kazn\u00edk\u016fm a koleg\u016fm je sou\u010d\u00e1st\u00ed na\u0161eho stylu. Spolehlivost\u00ed p\u0159isp\u00edv\u00e1me k dobr\u00e9mu jm\u00e9nu na\u0161\u00ed spole\u010dnosti.<\/p>\n<p style=\"text-align: justify;\"><b>V\u00ddKONNOST<\/b> V\u011b\u0159\u00edme, \u017ee v\u00fdkonnost na\u0161ich \u0159e\u0161en\u00ed je pro na\u0161eho z\u00e1kazn\u00edka cesta k vz\u00e1jemn\u00e9mu \u00fasp\u011bchu a ekonomick\u00e9mu r\u016fstu. Dr\u017e\u00edme krok s dobou.<\/p>\n<p style=\"text-align: justify;\"><b>ODHODLANOST<\/b> Bereme svou odpov\u011bdnost v\u00e1\u017en\u011b. Neboj\u00edme se p\u0159ehodnocovat zp\u016fsob na\u0161\u00ed pr\u00e1ce, abychom naplnili o\u010dek\u00e1v\u00e1n\u00ed na\u0161ich z\u00e1kazn\u00edk\u016f a koleg\u016f. Jsme loaj\u00e1ln\u00ed.<\/p>\n<p style=\"text-align: justify;\"><b>BEZPE\u010cNOST<\/b> Neust\u00e1l\u00e9 se sna\u017e\u00edme o zdokonalen\u00ed na\u0161ich produkt\u016f a slu\u017eeb a to, tak abychom zajistili bezpe\u010dnost lid\u00ed a ochranu \u017eivotn\u00edho prost\u0159ed\u00ed.<\/p>\n<p style=\"text-align: justify;\"><b>PR\u00c1CE N\u00c1S BAV\u00cd <\/b>V\u011b\u0159\u00edme, \u017ee nejlep\u0161\u00ed v\u00fdsledky \u010dlov\u011bk pod\u00e1v\u00e1, kdy\u017e jej pr\u00e1ce bav\u00ed, proto budujeme n\u00e1\u0161 t\u00fdm pr\u00e1v\u011b z takov\u00fdch lid\u00ed.<\/p>\n<p>\n<\/div><\/div><\/div><\/div><\/div><\/section><\/p>\n","protected":false},"excerpt":{"rendered":"","protected":false},"author":1,"featured_media":0,"parent":0,"menu_order":0,"comment_status":"closed","ping_status":"closed","template":"","meta":{"inline_featured_image":false,"footnotes":""},"class_list":["post-8","page","type-page","status-publish","hentry"],"wps_subtitle":"","_links":{"self":[{"href":"https:\/\/www.mb-tech.cz\/index.php\/wp-json\/wp\/v2\/pages\/8","targetHints":{"allow":["GET"]}}],"collection":[{"href":"https:\/\/www.mb-tech.cz\/index.php\/wp-json\/wp\/v2\/pages"}],"about":[{"href":"https:\/\/www.mb-tech.cz\/index.php\/wp-json\/wp\/v2\/types\/page"}],"author":[{"embeddable":true,"href":"https:\/\/www.mb-tech.cz\/index.php\/wp-json\/wp\/v2\/users\/1"}],"replies":[{"embeddable":true,"href":"https:\/\/www.mb-tech.cz\/index.php\/wp-json\/wp\/v2\/comments?post=8"}],"version-history":[{"count":9,"href":"https:\/\/www.mb-tech.cz\/index.php\/wp-json\/wp\/v2\/pages\/8\/revisions"}],"predecessor-version":[{"id":258,"href":"https:\/\/www.mb-tech.cz\/index.php\/wp-json\/wp\/v2\/pages\/8\/revisions\/258"}],"wp:attachment":[{"href":"https:\/\/www.mb-tech.cz\/index.php\/wp-json\/wp\/v2\/media?parent=8"}],"curies":[{"name":"wp","href":"https:\/\/api.w.org\/{rel}","templated":true}]}}