{"id":74,"date":"2018-04-23T20:29:48","date_gmt":"2018-04-23T20:29:48","guid":{"rendered":"http:\/\/www.mb-tech.eu\/?page_id=74"},"modified":"2019-04-14T19:09:48","modified_gmt":"2019-04-14T18:09:48","slug":"produkty-a-sluzby","status":"publish","type":"page","link":"https:\/\/www.mb-tech.cz\/index.php\/produkty-a-sluzby\/","title":{"rendered":"PRODUKTY A SLU\u017dBY"},"content":{"rendered":"<p><section class=\"kc-elm kc-css-145961 kc_row\"><div class=\"kc-row-container  kc-container\"><div class=\"kc-wrap-columns\"><div class=\"kc-elm kc-css-359462 kc_col-sm-12 kc_column kc_col-sm-12\"><div class=\"kc-col-container\"><\/div><\/div><\/div><\/div><\/section><section class=\"kc-elm kc-css-912073 kc_row\"><div class=\"kc-row-container  kc-container\"><div class=\"kc-wrap-columns\"><div class=\"kc-elm kc-css-992572 kc_col-sm-6 kc_column kc_col-sm-6\"><div class=\"kc-col-container\"><div class=\"kc-elm kc-css-366654 kc_text_block\"><\/p>\n<h2>PR\u016eMYSLOV\u00c1 AUTOMATIZACE<\/h2>\n<p>\n<\/div><div class=\"kc-elm kc-css-61347 kc_shortcode kc_single_image\">\n\n        <img decoding=\"async\" src=\"https:\/\/www.mb-tech.cz\/wp-content\/uploads\/2018\/04\/rozvadec-400x100xc.jpg\" class=\"\" alt=\"\" \/>    <\/div>\n<div class=\"kc-elm kc-css-25734 kc_text_block\"><\/p>\n<p style=\"text-align: justify;\">Dod\u00e1v\u00e1me \u0159e\u0161en\u00ed pro v\u0161echny \u00farovn\u011b automatizace v technologick\u00fdch procesech. Pokr\u00fdv\u00e1me rozsah \u00faloh od jednoduch\u00fdch samostatn\u00fdch regula\u010dn\u00edch okruh\u016f, a\u017e po komplexn\u00ed \u0159\u00edzen\u00ed technologick\u00fdch celk\u016f. Z\u00e1kladem \u0159e\u0161en\u00ed pro \u0159\u00edzen\u00ed technologick\u00fdch proces\u016f je \u0159\u00eddic\u00ed syst\u00e9m sest\u00e1vaj\u00edc\u00ed se obvykle z distribuovan\u00e9ho \u0159\u00eddic\u00edho syst\u00e9mu, programovateln\u00fdch automat\u016f, bezpe\u010dnostn\u00edch syst\u00e9m\u016f a oper\u00e1torsk\u00fdch termin\u00e1l\u016f s aplikacemi typu SCADA\/HMI. \u0158\u00eddic\u00ed syst\u00e9m je navrhov\u00e1n podle r\u016fzn\u00fdch krit\u00e9ri\u00ed, z nich\u017e nejd\u016fle\u017eit\u011bj\u0161\u00ed jsou bezpe\u010dnost, spolehlivost, dostupnost a tak\u00e9 cena. \u0158\u00eddic\u00ed syst\u00e9m integruje \u0159\u00edzen\u00ed v\u0161ech technologick\u00fdch subsyst\u00e9m\u016f, ke kter\u00fdm pat\u0159\u00ed nap\u0159.:<\/p>\n<table>\n<thead>\n<tr>\n<td width=\"217\"><strong>V energetice<\/strong><\/td>\n<td width=\"246\"><strong>V automotive<\/strong><\/td>\n<\/tr>\n<\/thead>\n<tbody>\n<tr>\n<td width=\"217\">Vodn\u00ed hospod\u00e1\u0159stv\u00ed<\/td>\n<td width=\"246\">Skladov\u00e9 syst\u00e9my<\/td>\n<\/tr>\n<tr>\n<td width=\"217\">Regul\u00e1tor turb\u00edny<\/td>\n<td width=\"246\">Informa\u010dn\u00ed syst\u00e9my<\/td>\n<\/tr>\n<tr>\n<td width=\"217\">Ochrany turb\u00edny<\/td>\n<td width=\"246\">Detekce \u00faniku plyn\u016f<\/td>\n<\/tr>\n<tr>\n<td width=\"217\">\u010ci\u0161t\u011bn\u00ed \u010desl\u00ed VE<\/td>\n<td width=\"246\">Syst\u00e9my vzduchotechniky<\/td>\n<\/tr>\n<tr>\n<td width=\"217\">Adaptivn\u00ed optimalizace<\/td>\n<td width=\"246\">Syst\u00e9my pro kontrolu kvality<\/td>\n<\/tr>\n<tr>\n<td width=\"217\">Kamerov\u00e9 syst\u00e9my<\/td>\n<td width=\"246\"><\/td>\n<\/tr>\n<\/tbody>\n<\/table>\n<p style=\"text-align: justify;\">Pro kritick\u00e9 aplikace jsou vyu\u017e\u00edv\u00e1ny syst\u00e9my se zv\u00fd\u0161enou spolehlivost\u00ed a dostupnost\u00ed, kter\u00e1 je dosahov\u00e1na pou\u017eit\u00edm syst\u00e9m\u016f typu \u201efail-safe\u201c nebo \u201efault-tolerant\u201c s redundantn\u00ed nebo TMR architekturou. \u00a0Architektura \u0159\u00eddic\u00edch syst\u00e9m\u016f technologick\u00fdch proces\u016f a stroj\u016f vych\u00e1z\u00ed z nejnov\u011bj\u0161\u00edch informac\u00ed v dan\u00e9 oblasti a obsahuje modern\u00ed zp\u016fsoby komunikace, a\u0165 u\u017e mezi jednotliv\u00fdmi \u010d\u00e1stmi \u0159\u00eddic\u00edho syst\u00e9mu, nebo s poln\u00ed instrumentac\u00ed. K nejmodern\u011bj\u0161\u00edm technologi\u00edm pat\u0159\u00ed \u201eFieldbus-Foundation\u201c pro komunikaci s poln\u00ed instrumentac\u00ed a distribuc\u00ed \u0159\u00eddic\u00ed inteligence. Standardn\u011b p\u0159\u00edmo propojujeme \u0159\u00eddic\u00ed syst\u00e9my se syst\u00e9my optimalizace, vy\u0161\u0161\u00edm \u0159\u00edzen\u00edm a MESem.<\/p>\n<p>\n<\/div><\/div><\/div><div class=\"kc-elm kc-css-873918 kc_col-sm-6 kc_column kc_col-sm-6\"><div class=\"kc-col-container\"><div class=\"kc-elm kc-css-704975 kc_text_block\"><\/p>\n<h2>V\u00ddROBN\u00cd INFORMA\u010cN\u00cd SYST\u00c9MY<\/h2>\n<p>\n<\/div><div class=\"kc-elm kc-css-476108 kc_shortcode kc_single_image\">\n\n        <img decoding=\"async\" src=\"https:\/\/www.mb-tech.cz\/wp-content\/uploads\/2018\/05\/imgScada-400x100xc.png\" class=\"\" alt=\"\" \/>    <\/div>\n<div class=\"kc-elm kc-css-108809 kc_text_block\"><\/p>\n<p style=\"text-align: justify;\">Dod\u00e1v\u00e1me kompletn\u00ed \u0159e\u0161en\u00ed pro elegantn\u00ed \u0159\u00edzen\u00ed a diagnostiku procesu z jak\u00e9hokoli jin\u00e9ho online za\u0159\u00edzen\u00ed (PC, tablet, mobil). Na\u0161e \u0159e\u0161en\u00ed zaji\u0161\u0165uje spolehlivou vzd\u00e1lenou spr\u00e1vu \u0159\u00eddic\u00edch syst\u00e9m\u016f v\u00fdroby, oper\u00e1torsk\u00fdch panel\u016f nebo po\u010d\u00edta\u010d\u016f. Pro vzd\u00e1len\u00fd p\u0159\u00edstup po internetu vyu\u017e\u00edv\u00e1me zabezpe\u010den\u00e9 s\u00edt\u011b.<br \/>\nOblasti pou\u017eit\u00ed:<\/p>\n<ul>\n<li style=\"text-align: justify;\">vodn\u00edch a v\u011btrn\u00fdch elektr\u00e1ren<\/li>\n<li style=\"text-align: justify;\">vzd\u00e1len\u00e1 spr\u00e1va v\u00fdrobn\u00ed linky p\u0159es internet<\/li>\n<li style=\"text-align: justify;\">vzd\u00e1len\u00e1 spr\u00e1va a sb\u011br dat z \u010derpac\u00edch stanic, vodojem\u016f, \u010disti\u010dek odpadn\u00edch vod<\/li>\n<li style=\"text-align: justify;\">permanentn\u00ed sb\u011br dat ze vzd\u00e1len\u00fdch m\u00edst do po\u010d\u00edta\u010de<\/li>\n<li style=\"text-align: justify;\">do\u010dasn\u00fd vzd\u00e1len\u00fd p\u0159\u00edstup nov\u00e9 v\u00fdrobn\u00ed linky po dobu z\u00e1ruky<\/li>\n<li style=\"text-align: justify;\">sb\u011br dat z PLC do nad\u0159azen\u00fdch syst\u00e9m\u016f MES\/ERP<\/li>\n<li style=\"text-align: justify;\">vizualizace dat v\u00fdrobn\u00ed linky v internetov\u00e9m prohl\u00ed\u017ee\u010di<\/li>\n<li style=\"text-align: justify;\">archivace dat v\u00fdrobn\u00ed linky do pam\u011bti routeru<\/li>\n<li style=\"text-align: justify;\">hl\u00edd\u00e1n\u00ed v\u00fdrobn\u00edch linek p\u0159es alarmov\u00fd syst\u00e9m routeru (SMS\/e-mail)<\/li>\n<\/ul>\n<p>\n<\/div><\/div><\/div><\/div><\/div><\/section><section class=\"kc-elm kc-css-934300 kc_row\"><div class=\"kc-row-container  kc-container\"><div class=\"kc-wrap-columns\"><div class=\"kc-elm kc-css-784099 kc_col-sm-6 kc_column kc_col-sm-6\"><div class=\"kc-col-container\"><div class=\"kc-elm kc-css-904873 kc_text_block\"><\/p>\n<h2>IN\u017dEN\u00ddRING<\/h2>\n<p>\n<\/div><div class=\"kc-elm kc-css-885345 kc_shortcode kc_single_image\">\n\n        <img decoding=\"async\" src=\"https:\/\/www.mb-tech.cz\/wp-content\/uploads\/2018\/05\/FCA_WCM_Academy_gallery_002-400x100xc.jpg\" class=\"\" alt=\"\" \/>    <\/div>\n<div class=\"kc-elm kc-css-919722 kc_text_block\"><\/p>\n<p style=\"text-align: justify;\">Studie, konzultace v\u00fdrobn\u00edho IT, v\u00fdvoj aplika\u010dn\u00edho SW, transformace podnikov\u00fdch syst\u00e9m\u016f, automotive standard, aplikace z\u00e1sad \u0161t\u00edhl\u00e9 v\u00fdroby.<\/p>\n<p>\n<\/div><\/div><\/div><div class=\"kc-elm kc-css-612291 kc_col-sm-6 kc_column kc_col-sm-6\"><div class=\"kc-col-container\"><div class=\"kc-elm kc-css-462993 kc_text_block\"><\/p>\n<h2>SERVIS<\/h2>\n<p>\n<\/div><div class=\"kc-elm kc-css-58440 kc_shortcode kc_single_image\">\n\n        <img decoding=\"async\" src=\"https:\/\/www.mb-tech.cz\/wp-content\/uploads\/2018\/05\/it-support-400x100xc.jpg\" class=\"\" alt=\"\" \/>    <\/div>\n<div class=\"kc-elm kc-css-75793 kc_text_block\"><\/p>\n<p>\nZ\u00e1ru\u010dn\u00ed i poz\u00e1ru\u010dn\u00ed servis pro automatiza\u010dn\u00ed a informa\u010dn\u00ed syst\u00e9my, nep\u0159etr\u017eit\u00e1 hotline.<\/p>\n<p>\n<\/div><\/div><\/div><\/div><\/div><\/section><\/p>\n","protected":false},"excerpt":{"rendered":"","protected":false},"author":1,"featured_media":0,"parent":0,"menu_order":0,"comment_status":"closed","ping_status":"closed","template":"","meta":{"inline_featured_image":false,"footnotes":""},"class_list":["post-74","page","type-page","status-publish","hentry"],"wps_subtitle":"","_links":{"self":[{"href":"https:\/\/www.mb-tech.cz\/index.php\/wp-json\/wp\/v2\/pages\/74","targetHints":{"allow":["GET"]}}],"collection":[{"href":"https:\/\/www.mb-tech.cz\/index.php\/wp-json\/wp\/v2\/pages"}],"about":[{"href":"https:\/\/www.mb-tech.cz\/index.php\/wp-json\/wp\/v2\/types\/page"}],"author":[{"embeddable":true,"href":"https:\/\/www.mb-tech.cz\/index.php\/wp-json\/wp\/v2\/users\/1"}],"replies":[{"embeddable":true,"href":"https:\/\/www.mb-tech.cz\/index.php\/wp-json\/wp\/v2\/comments?post=74"}],"version-history":[{"count":2,"href":"https:\/\/www.mb-tech.cz\/index.php\/wp-json\/wp\/v2\/pages\/74\/revisions"}],"predecessor-version":[{"id":191,"href":"https:\/\/www.mb-tech.cz\/index.php\/wp-json\/wp\/v2\/pages\/74\/revisions\/191"}],"wp:attachment":[{"href":"https:\/\/www.mb-tech.cz\/index.php\/wp-json\/wp\/v2\/media?parent=74"}],"curies":[{"name":"wp","href":"https:\/\/api.w.org\/{rel}","templated":true}]}}