{"id":7,"date":"2018-04-14T14:27:15","date_gmt":"2018-04-14T14:27:15","guid":{"rendered":"http:\/\/www.mb-tech.eu\/?page_id=7"},"modified":"2019-09-20T14:03:08","modified_gmt":"2019-09-20T13:03:08","slug":"domu","status":"publish","type":"page","link":"https:\/\/www.mb-tech.cz\/","title":{"rendered":"MB-TECH"},"content":{"rendered":"<section class=\"kc-elm kc-css-765874 kc_row\"><div class=\"kc-row-container  kc-container\"><div class=\"kc-wrap-columns\"><div class=\"kc-elm kc-css-955972 kc_col-sm-12 kc_column kc_col-sm-12\"><div class=\"kc-col-container\"><div class=\"kc-elm kc-css-361699 kc_text_block\"><\/p>\n<h2>OBJEVTE SV\u011aT, KDE CHYTR\u00dd SOFTWARE\/HARDWARE PRACUJE PRO V\u00c1S<\/h2>\n<p>\n<\/div><div class=\"kc-elm kc-css-552576 kc_shortcode kc_single_image\">\n\n        <img decoding=\"async\" src=\"https:\/\/www.mb-tech.cz\/wp-content\/uploads\/2019\/09\/entireslide5_1.png\" class=\"\" alt=\"\" \/>    <\/div>\n<div class=\"kc-elm kc-css-998262\" style=\"height: 20px; clear: both; width:100%;\"><\/div><div class=\"kc-elm kc-css-474726 kc_text_block\"><\/p>\n<p style=\"text-align: justify;\">Dod\u00e1v\u00e1me integrovan\u00e1 \u0159e\u0161en\u00ed pr\u016fmyslov\u00e9 automatizace a v\u00fdrobn\u00edch informa\u010dn\u00edch syst\u00e9m\u016f (MES). Vyu\u017e\u00edv\u00e1me modern\u00ed spektrum automatiza\u010dn\u00ed techniky.&nbsp;<\/p>\n<p>Zajist\u00edme V\u00e1m:<\/p>\n<p>\n<\/div><div class=\"kc-elm kc-css-187790 kc-animated kc-animate-eff-fadeInUp kc_text_block\"><\/p>\n<ul>\n<li>spolehlivou efektivn\u00ed v\u00fdrobu<\/li>\n<li>p\u0159ehled o v\u00fdrob\u011b, od napojen\u00ed stroj\u016f, a\u017e po p\u0159\u00e1telsk\u00fd a funk\u010dn\u00ed reporting<\/li>\n<li>vy\u0161\u0161\u00ed \u00farove\u0148 \u0159\u00edzen\u00ed proces\u016f s minimem lidsk\u00fdch ztr\u00e1t<\/li>\n<li>vy\u0159e\u0161en\u00ed konkr\u00e9tn\u00edch probl\u00e9m\u016f&nbsp;<\/li>\n<\/ul>\n<p>\n<\/div><div class=\"kc-elm kc-css-416881\" style=\"height: 20px; clear: both; width:100%;\"><\/div><\/div><\/div><\/div><\/div><\/section>\n","protected":false},"excerpt":{"rendered":"","protected":false},"author":1,"featured_media":0,"parent":0,"menu_order":0,"comment_status":"closed","ping_status":"closed","template":"","meta":{"inline_featured_image":false,"footnotes":""},"class_list":["post-7","page","type-page","status-publish","hentry"],"wps_subtitle":"","_links":{"self":[{"href":"https:\/\/www.mb-tech.cz\/index.php\/wp-json\/wp\/v2\/pages\/7","targetHints":{"allow":["GET"]}}],"collection":[{"href":"https:\/\/www.mb-tech.cz\/index.php\/wp-json\/wp\/v2\/pages"}],"about":[{"href":"https:\/\/www.mb-tech.cz\/index.php\/wp-json\/wp\/v2\/types\/page"}],"author":[{"embeddable":true,"href":"https:\/\/www.mb-tech.cz\/index.php\/wp-json\/wp\/v2\/users\/1"}],"replies":[{"embeddable":true,"href":"https:\/\/www.mb-tech.cz\/index.php\/wp-json\/wp\/v2\/comments?post=7"}],"version-history":[{"count":12,"href":"https:\/\/www.mb-tech.cz\/index.php\/wp-json\/wp\/v2\/pages\/7\/revisions"}],"predecessor-version":[{"id":230,"href":"https:\/\/www.mb-tech.cz\/index.php\/wp-json\/wp\/v2\/pages\/7\/revisions\/230"}],"wp:attachment":[{"href":"https:\/\/www.mb-tech.cz\/index.php\/wp-json\/wp\/v2\/media?parent=7"}],"curies":[{"name":"wp","href":"https:\/\/api.w.org\/{rel}","templated":true}]}}