{"id":42,"date":"2018-04-21T21:11:00","date_gmt":"2018-04-21T21:11:00","guid":{"rendered":"http:\/\/www.mb-tech.eu\/?page_id=42"},"modified":"2019-09-25T08:43:15","modified_gmt":"2019-09-25T07:43:15","slug":"uspesne-pribehy","status":"publish","type":"page","link":"https:\/\/www.mb-tech.cz\/index.php\/uspesne-pribehy\/","title":{"rendered":"\u00daSP\u011a\u0160N\u00c9 REALIZACE"},"content":{"rendered":"<p><section data-kc-fullwidth=\"row\" class=\"kc-elm kc-css-488367 kc_row\"><div class=\"kc-row-container  kc-container\"><div class=\"kc-wrap-columns\"><div class=\"kc-elm kc-css-564299 kc_col-sm-5 kc_column kc_col-sm-5\"><div class=\"kc-col-container\"><div class=\"kc-elm kc-css-310456 kc_text_block\"><\/p>\n<h2>StraightTASK<\/h2>\n<p style=\"text-align: justify;\">Produkt MB-TECH:<\/p>\n<p>Online syst\u00e9m pro efektivn\u00ed \u0159\u00edzen\u00ed \u00fakol\u016f<\/p>\n<p>\n<\/div><div class=\"kc-elm kc-css-225875 kc_shortcode kc_single_image\">\n\n        <img decoding=\"async\" src=\"https:\/\/www.mb-tech.cz\/wp-content\/uploads\/2019\/09\/20190820_StraightTask_v10Onepage.jpg\" class=\"\" alt=\"\" \/>    <\/div>\n<\/div><\/div><div class=\"kc-elm kc-css-166602 kc_col-sm-4 kc_column kc_col-sm-4\"><div class=\"kc-col-container\"><div class=\"kc-elm kc-css-777332 kc_text_block\"><\/p>\n<h2 style=\"text-align: justify;\">V\u00fdzva<\/h2>\n<p>Nejasn\u00fd p\u0159ehled o pln\u011bn\u00ed zadan\u00fdch \u00fakol\u016f<br \/>Nep\u0159\u00edstupnost informac\u00ed o zadan\u00fdm \u00fakol\u016fm<br \/>Obt\u00ed\u017en\u00e1 kontrola proveden\u00ed<br \/>Pomal\u00e9 a komplikovan\u00e9 zad\u00e1v\u00e1n\u00ed \u00fakol\u016f<br \/>\u0160patn\u00e1 v\u00fdm\u011bna informac\u00ed mezi \u010dleny t\u00fdmu<\/p>\n<p>\n<\/div><\/div><\/div><div class=\"kc-elm kc-css-237196 kc_col-sm-4 kc_column kc_col-sm-4\"><div class=\"kc-col-container\"><div class=\"kc-elm kc-css-317812 kc_text_block\"><\/p>\n<h2>V\u00fdsledek<\/h2>\n<p style=\"text-align: justify;\">Robustn\u00ed produkt StraightTASK\u00a0<br \/>Pro \u0159\u00edzen\u00ed \u00fakol\u016f, projekt\u016f, zak\u00e1zek<br \/>Flexibiln\u00ed architektura<br \/>Kybernetick\u00e1 bezpe\u010dnost<br \/>Multiplatformn\u00ed (Windows, Android, iOS, Linux)<br \/>CZ lokalizace<br \/>Nasazeno u 4 z\u00e1kazn\u00edk\u016f (9\/2019)<\/p>\n<p>\n<\/div><\/div><\/div><\/div><\/div><\/section><section class=\"kc-elm kc-css-676358 kc_row\"><div class=\"kc-row-container  kc-container\"><div class=\"kc-wrap-columns\"><div class=\"kc-elm kc-css-726623 kc_col-sm-12 kc_column kc_col-sm-12\"><div class=\"kc-col-container\"><div class=\"kc-elm kc-css-11802\" style=\"height: 20px; clear: both; width:100%;\"><\/div><\/div><\/div><\/div><\/div><\/section><section data-kc-fullwidth=\"row\" class=\"kc-elm kc-css-629992 kc_row\"><div class=\"kc-row-container  kc-container\"><div class=\"kc-wrap-columns\"><div class=\"kc-elm kc-css-927852 kc_col-sm-5 kc_column kc_col-sm-5\"><div class=\"kc-col-container\"><div class=\"kc-elm kc-css-918228 kc_text_block\"><\/p>\n<h2>MVE MK 2x Francisova turb\u00edna<\/h2>\n<p style=\"text-align: justify;\">Produkt MB-TECH:<br \/>Vzd\u00e1len\u00e9 \u0159\u00edzen\u00ed, diagnostika, sb\u011br procen\u00edch dat, \u00fadr\u017eba, optimalizace \u0159\u00edzen\u00ed, inteligentn\u00ed \u010di\u0161t\u011bn\u00ed \u010desl\u00ed<\/p>\n<p>\n<\/div><div class=\"kc-elm kc-css-728920 kc_shortcode kc_single_image\">\n\n        <img decoding=\"async\" src=\"https:\/\/www.mb-tech.cz\/wp-content\/uploads\/2018\/05\/SS_MVE.jpg\" class=\"\" alt=\"\" \/>    <\/div>\n<\/div><\/div><div class=\"kc-elm kc-css-78334 kc_col-sm-4 kc_column kc_col-sm-4\"><div class=\"kc-col-container\"><div class=\"kc-elm kc-css-610141 kc_text_block\"><\/p>\n<h2 style=\"text-align: justify;\">V\u00fdzva<\/h2>\n<p>Elektr\u00e1rna v nedostupn\u00e9 oblasti<br \/>\u010cast\u00e9 poruchy<br \/>Tlak na n\u00e1klady<br \/>Spojen\u00ed s p\u016fvodn\u00edm, analogov\u00fdm \u0159\u00edzen\u00edm<br \/>Nestandardn\u00ed instalovan\u00e1 technologie<\/p>\n<p>\n<\/div><\/div><\/div><div class=\"kc-elm kc-css-941200 kc_col-sm-4 kc_column kc_col-sm-4\"><div class=\"kc-col-container\"><div class=\"kc-elm kc-css-828682 kc_text_block\"><\/p>\n<h2>V\u00fdsledek<\/h2>\n<p style=\"text-align: justify;\">Elektr\u00e1rna neust\u00e1le pod kontrolou (internet, SMS, kamera)<br \/>Prevence poruch<br \/>Funk\u010dn\u00ed syst\u00e9m pro preventivn\u00ed \u00fadr\u017ebu<br \/>Efektivita zv\u00fd\u0161ena o 6%<br \/>50% \u00faspora nutnosti p\u0159\u00edtomnosti lidsk\u00e9 obsluhy<br \/>Inteligentn\u00ed \u010di\u0161t\u011bn\u00ed \u010desl\u00ed<br \/>N\u00e1stavba na sou\u010dasn\u00e9 n\u00edzko \u00farov\u0148ov\u00e9 \u0159\u00edzen\u00ed (nebylo t\u0159eba nahradit)<br \/>N\u00e1vratnost investice za 2 m\u011bs\u00edce po uveden\u00ed do provozu<\/p>\n<p>\n<\/div><\/div><\/div><\/div><\/div><\/section><section class=\"kc-elm kc-css-367303 kc_row\"><div class=\"kc-row-container  kc-container\"><div class=\"kc-wrap-columns\"><div class=\"kc-elm kc-css-324908 kc_col-sm-12 kc_column kc_col-sm-12\"><div class=\"kc-col-container\"><div class=\"kc-elm kc-css-800577\" style=\"height: 20px; clear: both; width:100%;\"><\/div><\/div><\/div><\/div><\/div><\/section><section class=\"kc-elm kc-css-958868 kc_row\"><div class=\"kc-row-container  kc-container\"><div class=\"kc-wrap-columns\"><div class=\"kc-elm kc-css-561318 kc_col-sm-5 kc_column kc_col-sm-5\"><div class=\"kc-col-container\"><div class=\"kc-elm kc-css-612988 kc_text_block\"><\/p>\n<h2>Lisovna PlastMax<\/h2>\n<p style=\"text-align: justify;\">Produkt MB-TECH:<br \/>Vizualizace v\u00fdroby na lisovn\u011b<\/p>\n<p>\n<\/div><div class=\"kc-elm kc-css-524564 kc_shortcode kc_single_image\">\n\n        <img decoding=\"async\" src=\"https:\/\/www.mb-tech.cz\/wp-content\/uploads\/2018\/05\/ss_andond.jpg\" class=\"\" alt=\"\" \/>    <\/div>\n<\/div><\/div><div class=\"kc-elm kc-css-197906 kc_col-sm-4 kc_column kc_col-sm-4\"><div class=\"kc-col-container\"><div class=\"kc-elm kc-css-517594 kc_text_block\"><\/p>\n<h2 style=\"text-align: justify;\">V\u00fdzva<\/h2>\n<p style=\"text-align: justify;\">\nNep\u0159etr\u017eit\u00fd provoz 80 vst\u0159ikolis\u016f<br \/>N\u00edzk\u00e9 OEE<br \/>Hodinov\u00e9 sledov\u00e1n\u00ed na pap\u00ed\u0159e<br \/>Nejasn\u00e9 role<br \/>Chyb\u00ed komplexn\u00ed p\u0159ehled o d\u011bn\u00ed na lisovn\u011b\n<\/p>\n<\/p>\n<p>\n<\/div><\/div><\/div><div class=\"kc-elm kc-css-966909 kc_col-sm-4 kc_column kc_col-sm-4\"><div class=\"kc-col-container\"><div class=\"kc-elm kc-css-243582 kc_text_block\"><\/p>\n<h2>V\u00fdsledek<\/h2>\n<p style=\"text-align: justify;\">Roz\u0161\u00ed\u0159eny funkce st\u00e1vaj\u00edc\u00edho syst\u00e9mu<br \/> Informace zp\u0159\u00edstupn\u011bny pracovn\u00edk\u016fm<br \/> Reporting a p\u0159ehled o v\u00fdrob\u011b<br \/> Zv\u00fd\u0161en\u00ed OEE o 19% \u00a0<\/p>\n<p>\n<\/div><\/div><\/div><\/div><\/div><\/section><section class=\"kc-elm kc-css-178286 kc_row\"><div class=\"kc-row-container  kc-container\"><div class=\"kc-wrap-columns\"><div class=\"kc-elm kc-css-931042 kc_col-sm-12 kc_column kc_col-sm-12\"><div class=\"kc-col-container\"><div class=\"kc-elm kc-css-954054\" style=\"height: 20px; clear: both; width:100%;\"><\/div><\/div><\/div><\/div><\/div><\/section><section class=\"kc-elm kc-css-166343 kc_row\"><div class=\"kc-row-container  kc-container\"><div class=\"kc-wrap-columns\"><div class=\"kc-elm kc-css-502987 kc_col-sm-5 kc_column kc_col-sm-5\"><div class=\"kc-col-container\"><div class=\"kc-elm kc-css-956776 kc_text_block\"><\/p>\n<h2>Vytvo\u0159en\u00ed matematick\u00e9ho modelu procesu<\/h2>\n<p style=\"text-align: justify;\">Produkt MB-TECH:<br \/>Simula\u010dn\u00ed model sva\u0159ov\u00e1n\u00ed plast\u016f<\/p>\n<p>\n<\/div><div class=\"kc-elm kc-css-285874 kc_shortcode kc_single_image\">\n\n        <img decoding=\"async\" src=\"https:\/\/www.mb-tech.cz\/wp-content\/uploads\/2019\/09\/SvarovaniPlastu.jpg\" class=\"\" alt=\"\" \/>    <\/div>\n<\/div><\/div><div class=\"kc-elm kc-css-779569 kc_col-sm-4 kc_column kc_col-sm-4\"><div class=\"kc-col-container\"><div class=\"kc-elm kc-css-36716 kc_text_block\"><\/p>\n<h2 style=\"text-align: justify;\">V\u00fdzva<\/h2>\n<p style=\"text-align: justify;\">\nVelice kr\u00e1tk\u00fd proces, max 2s<br \/>Velk\u00e9 mno\u017estv\u00ed vstupn\u00edch parametr\u016f procesu<br \/>Z\u00e1sadn\u00ed vliv vlastnost\u00ed sva\u0159ovan\u00fdch d\u00edlc\u016f<br \/>Nedostupnost informaci o p\u0159esn\u00e9m chov\u00e1n\u00ed procesu<\/p>\n<\/p>\n<p>\n<\/div><\/div><\/div><div class=\"kc-elm kc-css-140447 kc_col-sm-4 kc_column kc_col-sm-4\"><div class=\"kc-col-container\"><div class=\"kc-elm kc-css-453744 kc_text_block\"><\/p>\n<h2>V\u00fdsledek<\/h2>\n<p style=\"text-align: justify;\">Proces zanalyzov\u00e1n a\u00a0pochopen<br \/>Vytvo\u0159en matematick\u00fd model pro vyvinut\u00ed procesu ve f\u00e1zi designu\u00a0<br \/>50% \u00faspora \u010dasu a n\u00e1klad\u016f na vzorky pro fyzick\u00e9 experimenty<\/p>\n<p>\n<\/div><\/div><\/div><\/div><\/div><\/section><section class=\"kc-elm kc-css-484866 kc_row\"><div class=\"kc-row-container  kc-container\"><div class=\"kc-wrap-columns\"><div class=\"kc-elm kc-css-466294 kc_col-sm-12 kc_column kc_col-sm-12\"><div class=\"kc-col-container\"><div class=\"kc-elm kc-css-709819\" style=\"height: 20px; clear: both; width:100%;\"><\/div><\/div><\/div><\/div><\/div><\/section><section class=\"kc-elm kc-css-261006 kc_row\"><div class=\"kc-row-container  kc-container\"><div class=\"kc-wrap-columns\"><div class=\"kc-elm kc-css-364406 kc_col-sm-5 kc_column kc_col-sm-5\"><div class=\"kc-col-container\"><div class=\"kc-elm kc-css-741302 kc_text_block\"><\/p>\n<h2>Digitalizace lisovny plast\u016f<\/h2>\n<p style=\"text-align: justify;\">Produkt MB-TECH:<br \/>Elektronicky sb\u011br dat, vizualizace a reporting na lisovn\u011b<\/p>\n<p>\n<\/div><div class=\"kc-elm kc-css-926758 kc_shortcode kc_single_image\">\n\n        <img decoding=\"async\" src=\"https:\/\/www.mb-tech.cz\/wp-content\/uploads\/2018\/05\/ss_ESD.jpg\" class=\"\" alt=\"\" \/>    <\/div>\n<\/div><\/div><div class=\"kc-elm kc-css-466957 kc_col-sm-4 kc_column kc_col-sm-4\"><div class=\"kc-col-container\"><div class=\"kc-elm kc-css-274762 kc_text_block\"><\/p>\n<h2 style=\"text-align: justify;\">V\u00fdzva<\/h2>\n<p style=\"text-align: justify;\">3 sm\u011bnn\u00fd provoz 50 vst\u0159ikolis\u016f<br \/> \u010cast\u00e9 poruchy<br \/> N\u00edzk\u00e9 OEE<br \/> V\u0161echna data a dokumentace na pap\u00ed\u0159e<br \/> P\u0159epis dat do excelu<br \/> Opakovan\u00e9 \u010dasov\u011b n\u00e1ro\u010dn\u00e9 vyhodnocen\u00ed dat<\/p>\n<\/p>\n<p>\n<\/div><\/div><\/div><div class=\"kc-elm kc-css-804602 kc_col-sm-4 kc_column kc_col-sm-4\"><div class=\"kc-col-container\"><div class=\"kc-elm kc-css-762418 kc_text_block\"><\/p>\n<h2>V\u00fdsledek<\/h2>\n<p style=\"text-align: justify;\">Nasazen\u00ed elektronick\u00e9ho syst\u00e9mu, ka\u017ed\u00fd stroj m\u00e1 termin\u00e1l<br \/> Obousm\u011brn\u00e1 komunikace<br \/> Pro oper\u00e1tora .. instrukce, norma, \u00fadr\u017eba<br \/> Pro veden\u00ed automatick\u00fd reporting a p\u0159ehled o v\u00fdrob\u011b<br \/> Zv\u00fd\u0161en\u00ed OEE o 11%<br \/> N\u00e1vratnost 8 m\u011bs\u00edc\u016f po implementaci \u00a0<\/p>\n<p>\n<\/div><\/div><\/div><\/div><\/div><\/section><section class=\"kc-elm kc-css-562341 kc_row\"><div class=\"kc-row-container  kc-container\"><div class=\"kc-wrap-columns\"><div class=\"kc-elm kc-css-545622 kc_col-sm-12 kc_column kc_col-sm-12\"><div class=\"kc-col-container\"><div class=\"kc-elm kc-css-719814\" style=\"height: 20px; clear: both; width:100%;\"><\/div><\/div><\/div><\/div><\/div><\/section><section class=\"kc-elm kc-css-35732 kc_row\"><div class=\"kc-row-container  kc-container\"><div class=\"kc-wrap-columns\"><div class=\"kc-elm kc-css-421109 kc_col-sm-5 kc_column kc_col-sm-5\"><div class=\"kc-col-container\"><div class=\"kc-elm kc-css-663474 kc_text_block\"><\/p>\n<h2>Logistika<\/h2>\n<p style=\"text-align: justify;\">Produkt MB-TECH:<br \/>Autonomn\u00ed zaznamov\u00fd syst\u00e9m obsahu Kardex shuttle<\/p>\n<p>\n<\/div><div class=\"kc-elm kc-css-77049 kc_shortcode kc_single_image\">\n\n        <img decoding=\"async\" src=\"https:\/\/www.mb-tech.cz\/wp-content\/uploads\/2018\/05\/ss_PATER.jpg\" class=\"\" alt=\"\" \/>    <\/div>\n<\/div><\/div><div class=\"kc-elm kc-css-594383 kc_col-sm-4 kc_column kc_col-sm-4\"><div class=\"kc-col-container\"><div class=\"kc-elm kc-css-960681 kc_text_block\"><\/p>\n<h2 style=\"text-align: justify;\">V\u00fdzva<\/h2>\n<p style=\"text-align: justify;\">P\u0159i d\u00edlensk\u00e9m pou\u017e\u00edv\u00e1n\u00ed Kardex shuttle nejsou v\u0161echny polo\u017eky inventarizov\u00e1ny<br \/> Velk\u00fd po\u010det u\u017eivatel\u016f<br \/> Zdlouhav\u00e9 hled\u00e1n\u00ed<br \/> Velk\u00e9 opot\u0159eben\u00ed<br \/> Mal\u00e1 discipl\u00edna<\/p>\n<\/p>\n<p>\n<\/div><\/div><\/div><div class=\"kc-elm kc-css-667258 kc_col-sm-4 kc_column kc_col-sm-4\"><div class=\"kc-col-container\"><div class=\"kc-elm kc-css-971972 kc_text_block\"><\/p>\n<h2>V\u00fdsledek<\/h2>\n<p style=\"text-align: justify;\">\nImplementace u\u017eivatelsky p\u0159\u00edjemn\u00e9ho rozhran\u00ed pro evidenci ulo\u017een\u00fdch polo\u017eek<br \/>Sn\u00edman\u00ed obrazu v\u017edy, t\u011bsn\u011b p\u0159ed zaskladn\u011bn\u00edm<br \/>Mo\u017enost listovat mezi nasn\u00edman\u00fdmi polo\u017ekami<br \/>\u00daspora \u010dasu hled\u00e1n\u00ed 700hod\/rok<br \/>\u00daspora na ro\u010dn\u00edm servisu (o 30% m\u00e9n\u011b pohyb\u016f)<br \/>Nelze zaskladnit polo\u017eku ani\u017e by syst\u00e9m v\u011bd\u011bl<\/p>\n<\/p>\n<p>\n<\/div><\/div><\/div><\/div><\/div><\/section><section class=\"kc-elm kc-css-463611 kc_row\"><div class=\"kc-row-container  kc-container\"><div class=\"kc-wrap-columns\"><div class=\"kc-elm kc-css-490007 kc_col-sm-5 kc_column kc_col-sm-5\"><div class=\"kc-col-container\"><div class=\"kc-elm kc-css-785158 kc_text_block\"><\/p>\n<h2>Pokladn\u00ed syst\u00e9my<\/h2>\n<p style=\"text-align: justify;\">Produkt MB-TECH:<br \/>Elektronick\u00fd pokladn\u00ed syst\u00e9m (EPOS) k evidenci a spr\u00e1v\u011b plateb za zbo\u017e\u00ed a slu\u017eby v obchod\u011b<\/p>\n<p>\n<\/div><div class=\"kc-elm kc-css-358182 kc_shortcode kc_single_image\">\n\n        <img decoding=\"async\" src=\"https:\/\/www.mb-tech.cz\/wp-content\/uploads\/2023\/03\/Clipboard02.jpg\" class=\"\" alt=\"\" \/>    <\/div>\n<\/div><\/div><div class=\"kc-elm kc-css-596621 kc_col-sm-4 kc_column kc_col-sm-4\"><div class=\"kc-col-container\"><div class=\"kc-elm kc-css-150459 kc_text_block\"><\/p>\n<h2 style=\"text-align: justify;\">V\u00fdzva<\/h2>\n<p style=\"text-align: justify;\">Vytvo\u0159it flexibiln\u00ed dostupn\u00e9 \u0159e\u0161en\u00ed pro jeden i v\u00edce obchod\u016f<br \/>Realtime sd\u00edlen\u00ed stavu skladu<br \/>Umo\u017en\u016fjic\u00ed online vzd\u00e1lenou spr\u00e1vu<br \/>V\u00edce ne\u017e 10 000 aktivn\u00edch polo\u017eek<br \/>Snadn\u00e1 mo\u017enost implementace specifick\u00fdch po\u017eadavk\u016f<\/p>\n<p>\n<\/div><\/div><\/div><div class=\"kc-elm kc-css-708539 kc_col-sm-4 kc_column kc_col-sm-4\"><div class=\"kc-col-container\"><div class=\"kc-elm kc-css-604523 kc_text_block\"><\/p>\n<h2>V\u00fdsledek<\/h2>\n<p style=\"text-align: justify;\">Vytvo\u0159ena univerz\u00e1ln\u00ed platforma vyu\u017eiteln\u00e1 pro obchod, restauraci, hotel a dal\u0161\u00ed podobn\u00e1 za\u0159\u00edzen\u00ed.<br \/>Zaji\u0161t\u011bn\u00ed v\u0161ech funkc\u00ed EPOS<br \/>Rychlou a efektivn\u00ed evidenci a zpracov\u00e1n\u00ed platby<br \/>Platba hotov\u011b, kartou nebo na fakturu<br \/>Tisk \u00fa\u010dtenek a sledov\u00e1n\u00ed stavu skladov\u00fdch z\u00e1sob<br \/>Zpracov\u00e1vat statistick\u00e9 informace o prodej\u00edch<\/p>\n<p>\n<\/div><\/div><\/div><\/div><\/div><\/section><section class=\"kc-elm kc-css-693673 kc_row\"><div class=\"kc-row-container  kc-container\"><div class=\"kc-wrap-columns\"><div class=\"kc-elm kc-css-965124 kc_col-sm-5 kc_column kc_col-sm-5\"><div class=\"kc-col-container\"><div class=\"kc-elm kc-css-244916 kc_text_block\"><\/p>\n<h2>Odstran\u011bn\u00ed vibrac\u00ed<\/h2>\n<p style=\"text-align: justify;\">Produkt MB-TECH:<br \/>Metodika pro diagnostiku a eliminaci vibrac\u00ed<\/p>\n<p>\n<\/div><div class=\"kc-elm kc-css-128795 kc_shortcode kc_single_image\">\n\n        <img decoding=\"async\" src=\"https:\/\/www.mb-tech.cz\/wp-content\/uploads\/2023\/03\/Clipboard03.jpg\" class=\"\" alt=\"\" \/>    <\/div>\n<\/div><\/div><div class=\"kc-elm kc-css-158250 kc_col-sm-4 kc_column kc_col-sm-4\"><div class=\"kc-col-container\"><div class=\"kc-elm kc-css-105999 kc_text_block\"><\/p>\n<h2 style=\"text-align: justify;\">V\u00fdzva<\/h2>\n<p style=\"text-align: justify;\">Proveden\u00ed anal\u00fdzy za\u0159\u00edzen\u00ed, m\u011b\u0159en\u00ed vibrac\u00ed a identifikace zdroje vibrac\u00ed, online<br \/>Definice n\u00e1pravn\u00fdch opat\u0159en\u00ed pro eliminaci a zamezen\u00ed \u0161\u00ed\u0159en\u00ed vibrac\u00ed do okol\u00ed<br \/>Realizace navr\u017een\u00fdch opat\u0159en\u00ed<\/p>\n<p style=\"text-align: justify;\">\n<p>\n<\/div><\/div><\/div><div class=\"kc-elm kc-css-217359 kc_col-sm-4 kc_column kc_col-sm-4\"><div class=\"kc-col-container\"><div class=\"kc-elm kc-css-561692 kc_text_block\"><\/p>\n<h2>V\u00fdsledek<\/h2>\n<p style=\"text-align: justify;\">Vytvo\u0159ena univerz\u00e1ln\u00ed metodika pro eliminaci \u0161\u00ed\u0159en\u00ed vibrac\u00ed za stroj\u016f a za\u0159\u00edzen\u00ed<br \/>Vyu\u017eit\u00ed metod strojov\u00e9ho u\u010den\u00ed a um\u011bl\u00e9 inteligence<br \/>Preventivn\u00ed a prediktivn\u00ed diagnostika<\/p>\n<p style=\"text-align: justify;\">\n<p>\n<\/div><\/div><\/div><\/div><\/div><\/section><\/p>\n","protected":false},"excerpt":{"rendered":"","protected":false},"author":1,"featured_media":0,"parent":0,"menu_order":0,"comment_status":"closed","ping_status":"closed","template":"","meta":{"inline_featured_image":false,"footnotes":""},"class_list":["post-42","page","type-page","status-publish","hentry"],"wps_subtitle":"","_links":{"self":[{"href":"https:\/\/www.mb-tech.cz\/index.php\/wp-json\/wp\/v2\/pages\/42","targetHints":{"allow":["GET"]}}],"collection":[{"href":"https:\/\/www.mb-tech.cz\/index.php\/wp-json\/wp\/v2\/pages"}],"about":[{"href":"https:\/\/www.mb-tech.cz\/index.php\/wp-json\/wp\/v2\/types\/page"}],"author":[{"embeddable":true,"href":"https:\/\/www.mb-tech.cz\/index.php\/wp-json\/wp\/v2\/users\/1"}],"replies":[{"embeddable":true,"href":"https:\/\/www.mb-tech.cz\/index.php\/wp-json\/wp\/v2\/comments?post=42"}],"version-history":[{"count":15,"href":"https:\/\/www.mb-tech.cz\/index.php\/wp-json\/wp\/v2\/pages\/42\/revisions"}],"predecessor-version":[{"id":277,"href":"https:\/\/www.mb-tech.cz\/index.php\/wp-json\/wp\/v2\/pages\/42\/revisions\/277"}],"wp:attachment":[{"href":"https:\/\/www.mb-tech.cz\/index.php\/wp-json\/wp\/v2\/media?parent=42"}],"curies":[{"name":"wp","href":"https:\/\/api.w.org\/{rel}","templated":true}]}}